{"id":51,"date":"2015-10-26T19:27:58","date_gmt":"2015-10-26T23:27:58","guid":{"rendered":"http:\/\/www.sacomss.org\/wp\/?page_id=51"},"modified":"2025-03-18T16:35:26","modified_gmt":"2025-03-18T20:35:26","slug":"volunteer","status":"publish","type":"page","link":"https:\/\/www.sacomss.org\/wp\/fr\/get-involved\/volunteer\/","title":{"rendered":"B\u00e9n\u00e9volat"},"content":{"rendered":"<style>.kb-row-layout-id51_10f8d0-d2 > .kt-row-column-wrap{align-content:center;}:where(.kb-row-layout-id51_10f8d0-d2 > .kt-row-column-wrap) > .wp-block-kadence-column{justify-content:center;}.kb-row-layout-id51_10f8d0-d2 > .kt-row-column-wrap{column-gap:var(--global-kb-gap-md, 2rem);row-gap:var(--global-kb-gap-md, 2rem);max-width:1200px;padding-top:0px;padding-bottom:0px;min-height:40vh;grid-template-columns:minmax(0, 2fr) minmax(0, 1fr);}.kb-row-layout-id51_10f8d0-d2 > .kt-row-layout-overlay{opacity:0.30;}@media all and (max-width: 1024px){.kb-row-layout-id51_10f8d0-d2 > .kt-row-column-wrap{grid-template-columns:minmax(0, 2fr) minmax(0, 1fr);}}@media all and (max-width: 767px){.kb-row-layout-id51_10f8d0-d2 > .kt-row-column-wrap{grid-template-columns:minmax(0, 1fr);}}<\/style><div class=\"kb-row-layout-wrap kb-row-layout-id51_10f8d0-d2 alignfull has-neve-link-color-background-color kt-row-has-bg wp-block-kadence-rowlayout\"><div class=\"kt-row-column-wrap kt-has-2-columns kt-row-layout-left-golden kt-tab-layout-inherit kt-mobile-layout-row kt-row-valign-middle kb-theme-content-width\">\n<style>.kadence-column51_94deb6-c8 > .kt-inside-inner-col{display:flex;}.kadence-column51_94deb6-c8 > .kt-inside-inner-col,.kadence-column51_94deb6-c8 > .kt-inside-inner-col:before{border-top-left-radius:0px;border-top-right-radius:0px;border-bottom-right-radius:0px;border-bottom-left-radius:0px;}.kadence-column51_94deb6-c8 > .kt-inside-inner-col{column-gap:var(--global-kb-gap-sm, 1rem);}.kadence-column51_94deb6-c8 > .kt-inside-inner-col{flex-direction:row;flex-wrap:wrap;align-items:center;}.kadence-column51_94deb6-c8 > .kt-inside-inner-col > *, .kadence-column51_94deb6-c8 > .kt-inside-inner-col > figure.wp-block-image, .kadence-column51_94deb6-c8 > .kt-inside-inner-col > figure.wp-block-kadence-image{margin-top:0px;margin-bottom:0px;}.kadence-column51_94deb6-c8 > .kt-inside-inner-col > .kb-image-is-ratio-size{flex-grow:1;}.kadence-column51_94deb6-c8 > .kt-inside-inner-col:before{opacity:0.3;}.kadence-column51_94deb6-c8{position:relative;}@media all and (max-width: 1024px){.kadence-column51_94deb6-c8 > .kt-inside-inner-col{flex-direction:row;flex-wrap:wrap;align-items:center;}}@media all and (min-width: 768px) and (max-width: 1024px){.kadence-column51_94deb6-c8 > .kt-inside-inner-col > *, .kadence-column51_94deb6-c8 > .kt-inside-inner-col > figure.wp-block-image, .kadence-column51_94deb6-c8 > .kt-inside-inner-col > figure.wp-block-kadence-image{margin-top:0px;margin-bottom:0px;}.kadence-column51_94deb6-c8 > .kt-inside-inner-col > .kb-image-is-ratio-size{flex-grow:1;}}@media all and (max-width: 767px){.kadence-column51_94deb6-c8 > .kt-inside-inner-col{flex-direction:row;flex-wrap:wrap;justify-content:flex-start;}.kadence-column51_94deb6-c8 > .kt-inside-inner-col > *, .kadence-column51_94deb6-c8 > .kt-inside-inner-col > figure.wp-block-image, .kadence-column51_94deb6-c8 > .kt-inside-inner-col > figure.wp-block-kadence-image{margin-top:0px;margin-bottom:0px;}.kadence-column51_94deb6-c8 > .kt-inside-inner-col > .kb-image-is-ratio-size{flex-grow:1;}}<\/style>\n<div class=\"wp-block-kadence-column kadence-column51_94deb6-c8 kb-section-dir-horizontal\"><div class=\"kt-inside-inner-col\">\n<h1 class=\"wp-block-heading has-nv-site-bg-color has-text-color\" style=\"font-size:60px\">B\u00e9n\u00e9volat<\/h1>\n<\/div><\/div>\n\n\n<style>.kadence-column51_3c2285-03 > .kt-inside-inner-col,.kadence-column51_3c2285-03 > .kt-inside-inner-col:before{border-top-left-radius:0px;border-top-right-radius:0px;border-bottom-right-radius:0px;border-bottom-left-radius:0px;}.kadence-column51_3c2285-03 > .kt-inside-inner-col{column-gap:var(--global-kb-gap-sm, 1rem);}.kadence-column51_3c2285-03 > .kt-inside-inner-col{flex-direction:column;}.kadence-column51_3c2285-03 > .kt-inside-inner-col > .aligncenter{width:100%;}.kadence-column51_3c2285-03 > .kt-inside-inner-col:before{opacity:0.3;}.kadence-column51_3c2285-03{position:relative;}@media all and (max-width: 1024px){.kadence-column51_3c2285-03 > .kt-inside-inner-col{flex-direction:column;justify-content:center;}}@media all and (max-width: 767px){.kadence-column51_3c2285-03 > .kt-inside-inner-col{flex-direction:column;justify-content:center;}}<\/style>\n<div class=\"wp-block-kadence-column kadence-column51_3c2285-03\"><div class=\"kt-inside-inner-col\"><\/div><\/div>\n\n<\/div><\/div>\n\n\n<div style=\"height:39px\" aria-hidden=\"true\" class=\"wp-block-spacer\"><\/div>\n\n\n<style>.wp-block-kadence-advancedheading.kt-adv-heading51_c97ff9-16, .wp-block-kadence-advancedheading.kt-adv-heading51_c97ff9-16[data-kb-block=\"kb-adv-heading51_c97ff9-16\"]{font-style:normal;}.wp-block-kadence-advancedheading.kt-adv-heading51_c97ff9-16 mark.kt-highlight, .wp-block-kadence-advancedheading.kt-adv-heading51_c97ff9-16[data-kb-block=\"kb-adv-heading51_c97ff9-16\"] mark.kt-highlight{font-style:normal;color:#f76a0c;-webkit-box-decoration-break:clone;box-decoration-break:clone;padding-top:0px;padding-right:0px;padding-bottom:0px;padding-left:0px;}<\/style>\n<p class=\"kt-adv-heading51_c97ff9-16 wp-block-kadence-advancedheading\" data-kb-block=\"kb-adv-heading51_c97ff9-16\">Merci de votre int\u00e9r\u00eat \u00e0 rejoindre SACOMSS ! Notre recrutement de b\u00e9n\u00e9voles pour l\u2019ann\u00e9e acad\u00e9mique 2024-2025 est clos.<\/p>\n\n\n<style>.wp-block-kadence-advancedheading.kt-adv-heading51_cef8b5-43, .wp-block-kadence-advancedheading.kt-adv-heading51_cef8b5-43[data-kb-block=\"kb-adv-heading51_cef8b5-43\"]{font-style:normal;}.wp-block-kadence-advancedheading.kt-adv-heading51_cef8b5-43 mark.kt-highlight, .wp-block-kadence-advancedheading.kt-adv-heading51_cef8b5-43[data-kb-block=\"kb-adv-heading51_cef8b5-43\"] mark.kt-highlight{font-style:normal;color:#f76a0c;-webkit-box-decoration-break:clone;box-decoration-break:clone;padding-top:0px;padding-right:0px;padding-bottom:0px;padding-left:0px;}<\/style>\n<p class=\"kt-adv-heading51_cef8b5-43 wp-block-kadence-advancedheading\" data-kb-block=\"kb-adv-heading51_cef8b5-43\"><strong>Veuillez remplir le court formulaire de manifestation d\u2019int\u00e9r\u00eat ci-dessous et nous vous recontacterons pour discuter des possibilit\u00e9s de b\u00e9n\u00e9volat disponibles lorsque nous les rouvrirons.<\/strong><\/p>\n\n\n<style>.wp-block-kadence-advancedbtn.kb-btns51_b4aade-8c{gap:var(--global-kb-gap-xs, 0.5rem );justify-content:center;align-items:center;}.kt-btns51_b4aade-8c .kt-button{font-weight:normal;font-style:normal;}.kt-btns51_b4aade-8c .kt-btn-wrap-0{margin-right:5px;}.wp-block-kadence-advancedbtn.kt-btns51_b4aade-8c .kt-btn-wrap-0 .kt-button{color:#555555;border-color:#555555;}.wp-block-kadence-advancedbtn.kt-btns51_b4aade-8c .kt-btn-wrap-0 .kt-button:hover, .wp-block-kadence-advancedbtn.kt-btns51_b4aade-8c .kt-btn-wrap-0 .kt-button:focus{color:#ffffff;border-color:#444444;}.wp-block-kadence-advancedbtn.kt-btns51_b4aade-8c .kt-btn-wrap-0 .kt-button::before{display:none;}.wp-block-kadence-advancedbtn.kt-btns51_b4aade-8c .kt-btn-wrap-0 .kt-button:hover, .wp-block-kadence-advancedbtn.kt-btns51_b4aade-8c .kt-btn-wrap-0 .kt-button:focus{background:#444444;}<\/style>\n<div class=\"wp-block-kadence-advancedbtn kb-buttons-wrap kb-btns51_b4aade-8c\"><style>ul.menu .wp-block-kadence-advancedbtn .kb-btn51_0b84ce-ab.kb-button{width:initial;}.wp-block-kadence-advancedbtn .kb-btn51_0b84ce-ab.kb-button{color:var(--nv-site-bg);background:#218ac3 !important;font-family:\"Lucida Sans Unicode\", \"Lucida Grande\", sans-serif;font-weight:bold;}.wp-block-kadence-advancedbtn .kb-btn51_0b84ce-ab.kb-button:hover, .wp-block-kadence-advancedbtn .kb-btn51_0b84ce-ab.kb-button:focus{color:var(--nv-secondary-accent);}.kb-btn51_0b84ce-ab.kb-button::before{background:linear-gradient(135deg,rgb(6,147,227) 0%,rgb(72,97,194) 100%,rgb(0,0,0) 100%);-webkit-transition:opacity .3s ease-in-out;-moz-transition:opacity .3s ease-in-out;transition:opacity .3s ease-in-out;}<\/style><a class=\"kb-button kt-button button kb-btn51_0b84ce-ab kt-btn-size-large kt-btn-width-type-auto kb-btn-global-fill  kt-btn-has-text-true kt-btn-has-svg-false  wp-block-kadence-singlebtn\" href=\"https:\/\/docs.google.com\/forms\/d\/e\/1FAIpQLSccwJnI0ziiIOs82T--MFZ5xT_JVfa6qkQwQDzW0m6FAZ03Cg\/viewform\" target=\"_blank\" rel=\"noreferrer noopener\"><span class=\"kt-btn-inner-text\">Formulaire de manifestation d'int\u00e9r\u00eat \u00e0 devenir b\u00e9n\u00e9vole<\/span><\/a><\/div>\n\n\n\n<div style=\"height:15px\" aria-hidden=\"true\" class=\"wp-block-spacer\"><\/div>\n\n\n\n<p><strong>Note:<\/strong> \u00c0 noter : Il n\u2019est PAS n\u00e9cessaire d\u2019\u00eatre membre \u00e9tudiant \u00e0 McGill pour devenir b\u00e9n\u00e9vole ! <\/p>","protected":false},"excerpt":{"rendered":"<p>Volunteer with us Thank you for your interest in joining SACOMSS! We have finished recruiting volunteers for the 2024-2025 academic year. Please complete the short interest form below and we&hellip;&nbsp;<a href=\"https:\/\/www.sacomss.org\/wp\/fr\/get-involved\/volunteer\/\" class=\"\" rel=\"bookmark\">Lire la suite &raquo;<span class=\"screen-reader-text\">B\u00e9n\u00e9volat<\/span><\/a><\/p>","protected":false},"author":1,"featured_media":0,"parent":1489,"menu_order":0,"comment_status":"closed","ping_status":"closed","template":"","meta":{"neve_meta_sidebar":"","neve_meta_container":"","neve_meta_enable_content_width":"","neve_meta_content_width":0,"neve_meta_title_alignment":"","neve_meta_author_avatar":"","neve_post_elements_order":"","neve_meta_disable_header":"","neve_meta_disable_footer":"","neve_meta_disable_title":"","_themeisle_gutenberg_block_has_review":false,"footnotes":""},"class_list":["post-51","page","type-page","status-publish","hentry"],"_links":{"self":[{"href":"https:\/\/www.sacomss.org\/wp\/fr\/wp-json\/wp\/v2\/pages\/51","targetHints":{"allow":["GET"]}}],"collection":[{"href":"https:\/\/www.sacomss.org\/wp\/fr\/wp-json\/wp\/v2\/pages"}],"about":[{"href":"https:\/\/www.sacomss.org\/wp\/fr\/wp-json\/wp\/v2\/types\/page"}],"author":[{"embeddable":true,"href":"https:\/\/www.sacomss.org\/wp\/fr\/wp-json\/wp\/v2\/users\/1"}],"replies":[{"embeddable":true,"href":"https:\/\/www.sacomss.org\/wp\/fr\/wp-json\/wp\/v2\/comments?post=51"}],"version-history":[{"count":10,"href":"https:\/\/www.sacomss.org\/wp\/fr\/wp-json\/wp\/v2\/pages\/51\/revisions"}],"predecessor-version":[{"id":3204,"href":"https:\/\/www.sacomss.org\/wp\/fr\/wp-json\/wp\/v2\/pages\/51\/revisions\/3204"}],"up":[{"embeddable":true,"href":"https:\/\/www.sacomss.org\/wp\/fr\/wp-json\/wp\/v2\/pages\/1489"}],"wp:attachment":[{"href":"https:\/\/www.sacomss.org\/wp\/fr\/wp-json\/wp\/v2\/media?parent=51"}],"curies":[{"name":"wp","href":"https:\/\/api.w.org\/{rel}","templated":true}]}}