{"id":3194,"date":"2025-03-18T15:12:27","date_gmt":"2025-03-18T19:12:27","guid":{"rendered":"https:\/\/www.sacomss.org\/wp\/?page_id=3194"},"modified":"2025-12-12T03:27:05","modified_gmt":"2025-12-12T08:27:05","slug":"support-services","status":"publish","type":"page","link":"https:\/\/www.sacomss.org\/wp\/fr\/support-services\/","title":{"rendered":"Services de soutien"},"content":{"rendered":"<style>.kb-row-layout-id3194_ac7fef-8e > .kt-row-column-wrap{align-content:center;}:where(.kb-row-layout-id3194_ac7fef-8e > .kt-row-column-wrap) > .wp-block-kadence-column{justify-content:center;}.kb-row-layout-id3194_ac7fef-8e > .kt-row-column-wrap{column-gap:var(--global-kb-gap-md, 2rem);row-gap:var(--global-kb-gap-md, 2rem);max-width:1200px;padding-top:0px;padding-bottom:0px;min-height:40vh;grid-template-columns:minmax(0, 2fr) minmax(0, 1fr);}.kb-row-layout-id3194_ac7fef-8e > .kt-row-layout-overlay{opacity:0.30;}@media all and (max-width: 1024px){.kb-row-layout-id3194_ac7fef-8e > .kt-row-column-wrap{grid-template-columns:minmax(0, 2fr) minmax(0, 1fr);}}@media all and (max-width: 767px){.kb-row-layout-id3194_ac7fef-8e > .kt-row-column-wrap{grid-template-columns:minmax(0, 1fr);}}<\/style><div class=\"kb-row-layout-wrap kb-row-layout-id3194_ac7fef-8e alignfull has-neve-link-color-background-color kt-row-has-bg wp-block-kadence-rowlayout\"><div class=\"kt-row-column-wrap kt-has-2-columns kt-row-layout-left-golden kt-tab-layout-inherit kt-mobile-layout-row kt-row-valign-middle kb-theme-content-width\">\n<style>.kadence-column3194_6dd575-f1 > .kt-inside-inner-col{display:flex;}.kadence-column3194_6dd575-f1 > .kt-inside-inner-col,.kadence-column3194_6dd575-f1 > .kt-inside-inner-col:before{border-top-left-radius:0px;border-top-right-radius:0px;border-bottom-right-radius:0px;border-bottom-left-radius:0px;}.kadence-column3194_6dd575-f1 > .kt-inside-inner-col{column-gap:var(--global-kb-gap-sm, 1rem);}.kadence-column3194_6dd575-f1 > .kt-inside-inner-col{flex-direction:row;flex-wrap:wrap;align-items:center;}.kadence-column3194_6dd575-f1 > .kt-inside-inner-col > *, .kadence-column3194_6dd575-f1 > .kt-inside-inner-col > figure.wp-block-image, .kadence-column3194_6dd575-f1 > .kt-inside-inner-col > figure.wp-block-kadence-image{margin-top:0px;margin-bottom:0px;}.kadence-column3194_6dd575-f1 > .kt-inside-inner-col > .kb-image-is-ratio-size{flex-grow:1;}.kadence-column3194_6dd575-f1 > .kt-inside-inner-col:before{opacity:0.3;}.kadence-column3194_6dd575-f1{position:relative;}@media all and (max-width: 1024px){.kadence-column3194_6dd575-f1 > .kt-inside-inner-col{flex-direction:row;flex-wrap:wrap;align-items:center;}}@media all and (min-width: 768px) and (max-width: 1024px){.kadence-column3194_6dd575-f1 > .kt-inside-inner-col > *, .kadence-column3194_6dd575-f1 > .kt-inside-inner-col > figure.wp-block-image, .kadence-column3194_6dd575-f1 > .kt-inside-inner-col > figure.wp-block-kadence-image{margin-top:0px;margin-bottom:0px;}.kadence-column3194_6dd575-f1 > .kt-inside-inner-col > .kb-image-is-ratio-size{flex-grow:1;}}@media all and (max-width: 767px){.kadence-column3194_6dd575-f1 > .kt-inside-inner-col{flex-direction:row;flex-wrap:wrap;justify-content:flex-start;}.kadence-column3194_6dd575-f1 > .kt-inside-inner-col > *, .kadence-column3194_6dd575-f1 > .kt-inside-inner-col > figure.wp-block-image, .kadence-column3194_6dd575-f1 > .kt-inside-inner-col > figure.wp-block-kadence-image{margin-top:0px;margin-bottom:0px;}.kadence-column3194_6dd575-f1 > .kt-inside-inner-col > .kb-image-is-ratio-size{flex-grow:1;}}<\/style>\n<div class=\"wp-block-kadence-column kadence-column3194_6dd575-f1 kb-section-dir-horizontal\"><div class=\"kt-inside-inner-col\">\n<h1 class=\"wp-block-heading has-nv-site-bg-color has-text-color\" style=\"font-size:60px\">Services de soutien<\/h1>\n<\/div><\/div>\n\n\n<style>.kadence-column3194_7d5a16-1e > .kt-inside-inner-col,.kadence-column3194_7d5a16-1e > .kt-inside-inner-col:before{border-top-left-radius:0px;border-top-right-radius:0px;border-bottom-right-radius:0px;border-bottom-left-radius:0px;}.kadence-column3194_7d5a16-1e > .kt-inside-inner-col{column-gap:var(--global-kb-gap-sm, 1rem);}.kadence-column3194_7d5a16-1e > .kt-inside-inner-col{flex-direction:column;}.kadence-column3194_7d5a16-1e > .kt-inside-inner-col > .aligncenter{width:100%;}.kadence-column3194_7d5a16-1e > .kt-inside-inner-col:before{opacity:0.3;}.kadence-column3194_7d5a16-1e{position:relative;}@media all and (max-width: 1024px){.kadence-column3194_7d5a16-1e > .kt-inside-inner-col{flex-direction:column;justify-content:center;}}@media all and (max-width: 767px){.kadence-column3194_7d5a16-1e > .kt-inside-inner-col{flex-direction:column;justify-content:center;}}<\/style>\n<div class=\"wp-block-kadence-column kadence-column3194_7d5a16-1e\"><div class=\"kt-inside-inner-col\"><\/div><\/div>\n\n<\/div><\/div>\n\n\n<div style=\"height:63px\" aria-hidden=\"true\" class=\"wp-block-spacer\"><\/div>\n\n\n\n<h1 class=\"wp-block-heading\"><mark style=\"background-color:rgba(0, 0, 0, 0)\" class=\"has-inline-color has-neve-link-color-color\">Services de soutien<\/mark><\/h1>\n\n\n<style>.kb-row-layout-id3194_e6714e-66 > .kt-row-column-wrap{align-content:start;}:where(.kb-row-layout-id3194_e6714e-66 > .kt-row-column-wrap) > .wp-block-kadence-column{justify-content:start;}.kb-row-layout-id3194_e6714e-66 > .kt-row-column-wrap{column-gap:var(--global-kb-gap-md, 2rem);row-gap:var(--global-kb-gap-md, 2rem);padding-top:var(--global-kb-spacing-sm, 1.5rem);padding-bottom:var(--global-kb-spacing-sm, 1.5rem);grid-template-columns:minmax(0, calc(45% - ((var(--global-kb-gap-md, 2rem) * 1 )\/2)))minmax(0, calc(55% - ((var(--global-kb-gap-md, 2rem) * 1 )\/2)));}.kb-row-layout-id3194_e6714e-66 > .kt-row-layout-overlay{opacity:0.30;}@media all and (max-width: 1024px){.kb-row-layout-id3194_e6714e-66 > .kt-row-column-wrap{grid-template-columns:repeat(2, minmax(0, 1fr));}}@media all and (max-width: 767px){.kb-row-layout-id3194_e6714e-66 > .kt-row-column-wrap{grid-template-columns:minmax(0, 1fr);}}<\/style><div class=\"kb-row-layout-wrap kb-row-layout-id3194_e6714e-66 alignnone wp-block-kadence-rowlayout\"><div class=\"kt-row-column-wrap kt-has-2-columns kt-row-layout-equal kt-tab-layout-inherit kt-mobile-layout-row kt-row-valign-top\">\n<style>.kadence-column3194_06a5e2-26 > .kt-inside-inner-col,.kadence-column3194_06a5e2-26 > .kt-inside-inner-col:before{border-top-left-radius:0px;border-top-right-radius:0px;border-bottom-right-radius:0px;border-bottom-left-radius:0px;}.kadence-column3194_06a5e2-26 > .kt-inside-inner-col{column-gap:var(--global-kb-gap-sm, 1rem);}.kadence-column3194_06a5e2-26 > .kt-inside-inner-col{flex-direction:column;}.kadence-column3194_06a5e2-26 > .kt-inside-inner-col > .aligncenter{width:100%;}.kadence-column3194_06a5e2-26 > .kt-inside-inner-col:before{opacity:0.3;}.kadence-column3194_06a5e2-26{position:relative;}@media all and (max-width: 1024px){.kadence-column3194_06a5e2-26 > .kt-inside-inner-col{flex-direction:column;justify-content:center;}}@media all and (max-width: 767px){.kadence-column3194_06a5e2-26 > .kt-inside-inner-col{flex-direction:column;justify-content:center;}}<\/style>\n<div class=\"wp-block-kadence-column kadence-column3194_06a5e2-26\"><div class=\"kt-inside-inner-col\">\n<p>(Not running until early January due to the SSMU building closure over the winter break)<\/p>\n\n\n\n<p><strong><mark style=\"background-color:rgba(0, 0, 0, 0)\" class=\"has-inline-color has-nv-dark-bg-color\">Notre service de soutien individuel (1-1) offre un espace pour se confier, r\u00e9fl\u00e9chir et \u00eatre \u00e9cout\u00e9\u00b7e sans jugement. Nous pouvons<\/mark><mark style=\"background-color:rgba(0, 0, 0, 0)\" class=\"has-inline-color has-neve-link-hover-color-color\"> <\/mark><\/strong><\/p>\n\n\n\n<ul class=\"wp-block-list\">\n<li><strong>vous assister et vous guider dans les proc\u00e9dures de signalement de McGill<\/strong><\/li>\n\n\n\n<li><strong>vous aider \u00e0 explorer les ressources disponibles<\/strong><\/li>\n\n\n\n<li><strong>vous apporter un soutien sans pression ou attentes dans votre processus de prise de d\u00e9cision  <\/strong><\/li>\n<\/ul>\n\n\n\n<p><strong><mark style=\"background-color:rgba(0, 0, 0, 0)\" class=\"has-inline-color has-neve-link-color-color\">Vous pouvez solliciter un soutien individuel pendant nos heures sans rendez-vous hebdomadaires ou en prenant un rendez-vous (horaires et formulaire de demande de rendez-vous ci-dessous).<\/mark><\/strong><\/p>\n\n\n\n<h2 class=\"wp-block-heading\">Support Service Hours on Mondays, Tuesdays and Wednesdays. <\/h2>\n<\/div><\/div>\n\n\n<style>.kadence-column3194_344c29-6a > .kt-inside-inner-col{display:flex;}.kadence-column3194_344c29-6a > .kt-inside-inner-col{padding-top:0px;padding-bottom:0px;}.kadence-column3194_344c29-6a > .kt-inside-inner-col,.kadence-column3194_344c29-6a > .kt-inside-inner-col:before{border-top-left-radius:0px;border-top-right-radius:0px;border-bottom-right-radius:0px;border-bottom-left-radius:0px;}.kadence-column3194_344c29-6a > .kt-inside-inner-col{column-gap:var(--global-kb-gap-sm, 1rem);}.kadence-column3194_344c29-6a > .kt-inside-inner-col{flex-direction:column;justify-content:flex-start;}.kadence-column3194_344c29-6a > .kt-inside-inner-col > .aligncenter{width:100%;}.kt-row-column-wrap > .kadence-column3194_344c29-6a{align-self:flex-start;}.kt-inner-column-height-full:not(.kt-has-1-columns) > .wp-block-kadence-column.kadence-column3194_344c29-6a{align-self:auto;}.kt-inner-column-height-full:not(.kt-has-1-columns) > .wp-block-kadence-column.kadence-column3194_344c29-6a > .kt-inside-inner-col{flex-direction:column;justify-content:flex-start;}.kadence-column3194_344c29-6a > .kt-inside-inner-col:before{opacity:0.3;}.kadence-column3194_344c29-6a{position:relative;}@media all and (max-width: 1024px){.kt-row-column-wrap > .kadence-column3194_344c29-6a{align-self:flex-start;}}@media all and (max-width: 1024px){.kt-inner-column-height-full:not(.kt-has-1-columns) > .wp-block-kadence-column.kadence-column3194_344c29-6a{align-self:auto;}}@media all and (max-width: 1024px){.kt-inner-column-height-full:not(.kt-has-1-columns) > .wp-block-kadence-column.kadence-column3194_344c29-6a > .kt-inside-inner-col{flex-direction:column;justify-content:flex-start;}}@media all and (max-width: 1024px){.kadence-column3194_344c29-6a > .kt-inside-inner-col{flex-direction:column;justify-content:flex-start;}}@media all and (max-width: 767px){.kt-row-column-wrap > .kadence-column3194_344c29-6a{align-self:flex-start;}.kt-inner-column-height-full:not(.kt-has-1-columns) > .wp-block-kadence-column.kadence-column3194_344c29-6a{align-self:auto;}.kt-inner-column-height-full:not(.kt-has-1-columns) > .wp-block-kadence-column.kadence-column3194_344c29-6a > .kt-inside-inner-col{flex-direction:column;justify-content:flex-start;}.kadence-column3194_344c29-6a > .kt-inside-inner-col{flex-direction:column;justify-content:flex-start;}}<\/style>\n<div class=\"wp-block-kadence-column kadence-column3194_344c29-6a\"><div class=\"kt-inside-inner-col\"><div class=\"wp-block-image is-style-default\">\n<figure class=\"aligncenter size-full is-resized\"><a href=\"https:\/\/www.sacomss.org\/wp\/wp-content\/uploads\/2023\/05\/Artwork-with-Outline.jpg\"><img fetchpriority=\"high\" decoding=\"async\" width=\"1374\" height=\"916\" src=\"https:\/\/www.sacomss.org\/wp\/wp-content\/uploads\/2023\/05\/Artwork-with-Outline-edited.jpg\" alt=\"\" class=\"wp-image-2121\" style=\"width:500px\" srcset=\"https:\/\/www.sacomss.org\/wp\/wp-content\/uploads\/2023\/05\/Artwork-with-Outline-edited.jpg 1374w, https:\/\/www.sacomss.org\/wp\/wp-content\/uploads\/2023\/05\/Artwork-with-Outline-edited-300x200.jpg 300w, https:\/\/www.sacomss.org\/wp\/wp-content\/uploads\/2023\/05\/Artwork-with-Outline-edited-1024x683.jpg 1024w, https:\/\/www.sacomss.org\/wp\/wp-content\/uploads\/2023\/05\/Artwork-with-Outline-edited-768x512.jpg 768w, https:\/\/www.sacomss.org\/wp\/wp-content\/uploads\/2023\/05\/Artwork-with-Outline-edited-930x620.jpg 930w\" sizes=\"(max-width: 1374px) 100vw, 1374px\" \/><\/a><\/figure>\n<\/div><\/div><\/div>\n\n<\/div><\/div>\n\n<style>.kb-row-layout-id3194_22f67c-a3 > .kt-row-column-wrap{align-content:start;}:where(.kb-row-layout-id3194_22f67c-a3 > .kt-row-column-wrap) > .wp-block-kadence-column{justify-content:start;}.kb-row-layout-id3194_22f67c-a3 > .kt-row-column-wrap{column-gap:var(--global-kb-gap-md, 2rem);row-gap:var(--global-kb-gap-md, 2rem);padding-top:var(--global-kb-spacing-sm, 1.5rem);padding-bottom:var(--global-kb-spacing-sm, 1.5rem);grid-template-columns:repeat(2, minmax(0, 1fr));}.kb-row-layout-id3194_22f67c-a3 > .kt-row-layout-overlay{opacity:0.30;}@media all and (max-width: 1024px){.kb-row-layout-id3194_22f67c-a3 > .kt-row-column-wrap{grid-template-columns:repeat(2, minmax(0, 1fr));}}@media all and (max-width: 767px){.kb-row-layout-id3194_22f67c-a3 > .kt-row-column-wrap{grid-template-columns:minmax(0, 1fr);}}<\/style><div class=\"kb-row-layout-wrap kb-row-layout-id3194_22f67c-a3 alignnone wp-block-kadence-rowlayout\"><div class=\"kt-row-column-wrap kt-has-2-columns kt-row-layout-equal kt-tab-layout-inherit kt-mobile-layout-row kt-row-valign-top\">\n<style>.kadence-column3194_10bde2-a1 > .kt-inside-inner-col,.kadence-column3194_10bde2-a1 > .kt-inside-inner-col:before{border-top-left-radius:0px;border-top-right-radius:0px;border-bottom-right-radius:0px;border-bottom-left-radius:0px;}.kadence-column3194_10bde2-a1 > .kt-inside-inner-col{column-gap:var(--global-kb-gap-sm, 1rem);}.kadence-column3194_10bde2-a1 > .kt-inside-inner-col{flex-direction:column;}.kadence-column3194_10bde2-a1 > .kt-inside-inner-col > .aligncenter{width:100%;}.kadence-column3194_10bde2-a1 > .kt-inside-inner-col:before{opacity:0.3;}.kadence-column3194_10bde2-a1{position:relative;}@media all and (max-width: 1024px){.kadence-column3194_10bde2-a1 > .kt-inside-inner-col{flex-direction:column;justify-content:center;}}@media all and (max-width: 767px){.kadence-column3194_10bde2-a1 > .kt-inside-inner-col{flex-direction:column;justify-content:center;}}<\/style>\n<div class=\"wp-block-kadence-column kadence-column3194_10bde2-a1\"><div class=\"kt-inside-inner-col\">\n<h2 class=\"wp-block-heading has-text-align-center\"><mark style=\"background-color:rgba(0, 0, 0, 0)\" class=\"has-inline-color has-neve-link-color-color\">Horaires de soutien sans rendez-vous<\/mark><\/h2>\n\n\n\n<div class=\"wp-block-columns is-layout-flex wp-container-core-columns-is-layout-9d6595d7 wp-block-columns-is-layout-flex\">\n<div class=\"wp-block-column is-vertically-aligned-stretch is-layout-flow wp-block-column-is-layout-flow\" style=\"flex-basis:100%\">\n<figure class=\"wp-block-table is-style-regular has-medium-font-size\"><table class=\"has-background has-fixed-layout\" style=\"background-color:#e1e1e1\"><tbody><tr><td class=\"has-text-align-center\" data-align=\"center\"><strong><mark style=\"background-color:rgba(0, 0, 0, 0)\" class=\"has-inline-color has-neve-text-color-color\">Monda<\/mark>y and Tuesday<\/strong><\/td><td class=\"has-text-align-center\" data-align=\"center\"><strong><mark style=\"background-color:rgba(0, 0, 0, 0)\" class=\"has-inline-color has-neve-text-color-color\">Mercredi<\/mark><\/strong><\/td><\/tr><tr><td class=\"has-text-align-center\" data-align=\"center\"><strong>9 am &#8211; 12 pm, 3 pm &#8211; 6 pm<\/strong><\/td><td class=\"has-text-align-center\" data-align=\"center\"><strong>11 am &#8211; 2 pm, 3 pm &#8211; 6 pm<\/strong><\/td><\/tr><\/tbody><\/table><\/figure>\n<\/div>\n<\/div>\n\n\n\n<h5 class=\"wp-block-heading has-text-align-center\"><mark style=\"background-color:rgba(0, 0, 0, 0)\" class=\"has-inline-color has-neve-link-color-color\">\u00c9difice SSMU, 3480 Rue McTavish, suite B27<\/mark><\/h5>\n\n\n<style>.kb-google-maps-container3194_d91cc2-f5{max-width:563px;height:262px;margin-left:auto !important;margin-right:auto !important;}<\/style><div class=\"kb-google-maps-container kb-google-maps-container3194_d91cc2-f5  wp-block-kadence-googlemaps\" data-mapid=\"3194_d91cc2f5\"><iframe width=\"100%\" height=\"100%\"\n\t\t\t\t\t\t\tstyle=\"border:0\" loading=\"lazy\"\n\t\t\t\t\t\t\tsrc=\"https:\/\/www.google.com\/maps\/embed\/v1\/place?key=AIzaSyBAM2o7PiQqwk15LC1XRH2e_KJ-jUa7KYk&#038;zoom=15&#038;maptype=roadmap&#038;q=3480+rue+mctavish\"\n\t\t\t\t\t\t\ttitle=\"Google map of 3480 rue mctavish\"><\/iframe><\/div><script>function kb_google_map3194_d91cc2f5() { let center = { lat: 37.8201, lng: -122.4781}; let map = new google.maps.Map(document.getElementById(\"kb-google-map3194_d91cc2f5\"), {\n\t\t\t\t\t    zoom: 15,\n\t\t\t\t\t    center: center,});let marker = new google.maps.Marker({   position: { lat: 37.8201, lng: -122.4781},    map: map,  });}<\/script><\/div><\/div>\n\n\n<style>.kadence-column3194_773c4f-cc > .kt-inside-inner-col{display:flex;}.kadence-column3194_773c4f-cc > .kt-inside-inner-col,.kadence-column3194_773c4f-cc > .kt-inside-inner-col:before{border-top-left-radius:0px;border-top-right-radius:0px;border-bottom-right-radius:0px;border-bottom-left-radius:0px;}.kadence-column3194_773c4f-cc > .kt-inside-inner-col{row-gap:var(--global-kb-gap-md, 2rem);column-gap:var(--global-kb-gap-sm, 1rem);}.kadence-column3194_773c4f-cc > .kt-inside-inner-col{flex-direction:column;}.kadence-column3194_773c4f-cc > .kt-inside-inner-col > .aligncenter{width:100%;}.kadence-column3194_773c4f-cc > .kt-inside-inner-col:before{opacity:0.3;}.kadence-column3194_773c4f-cc{position:relative;}@media all and (max-width: 1024px){.kadence-column3194_773c4f-cc > .kt-inside-inner-col{flex-direction:column;justify-content:center;}}@media all and (max-width: 767px){.kadence-column3194_773c4f-cc > .kt-inside-inner-col{flex-direction:column;justify-content:center;}}<\/style>\n<div class=\"wp-block-kadence-column kadence-column3194_773c4f-cc\"><div class=\"kt-inside-inner-col\">\n<h2 class=\"wp-block-heading has-text-align-center\"><mark style=\"background-color:rgba(0, 0, 0, 0)\" class=\"has-inline-color has-neve-link-color-color\">Demande de rendez-vous de soutien<\/mark><\/h2>\n\n\n<style>.wp-block-kadence-advancedbtn.kb-btns3194_718459-81{gap:var(--global-kb-gap-xs, 0.5rem );justify-content:center;align-items:center;}.kt-btns3194_718459-81 .kt-button{font-weight:normal;font-style:normal;}.kt-btns3194_718459-81 .kt-btn-wrap-0{margin-right:5px;}.wp-block-kadence-advancedbtn.kt-btns3194_718459-81 .kt-btn-wrap-0 .kt-button{color:#555555;border-color:#555555;}.wp-block-kadence-advancedbtn.kt-btns3194_718459-81 .kt-btn-wrap-0 .kt-button:hover, .wp-block-kadence-advancedbtn.kt-btns3194_718459-81 .kt-btn-wrap-0 .kt-button:focus{color:#ffffff;border-color:#444444;}.wp-block-kadence-advancedbtn.kt-btns3194_718459-81 .kt-btn-wrap-0 .kt-button::before{display:none;}.wp-block-kadence-advancedbtn.kt-btns3194_718459-81 .kt-btn-wrap-0 .kt-button:hover, .wp-block-kadence-advancedbtn.kt-btns3194_718459-81 .kt-btn-wrap-0 .kt-button:focus{background:#444444;}<\/style>\n<div class=\"wp-block-kadence-advancedbtn kb-buttons-wrap kb-btns3194_718459-81\"><style>ul.menu .wp-block-kadence-advancedbtn .kb-btn3194_390c23-ff.kb-button{width:initial;}.wp-block-kadence-advancedbtn .kb-btn3194_390c23-ff.kb-button{background:var(--nv-primary-accent);}.wp-block-kadence-advancedbtn .kb-btn3194_390c23-ff.kb-button:hover, .wp-block-kadence-advancedbtn .kb-btn3194_390c23-ff.kb-button:focus{background:var(--nv-secondary-accent);}<\/style><a class=\"kb-button kt-button button kb-btn3194_390c23-ff kt-btn-size-large kt-btn-width-type-auto kb-btn-global-fill  kt-btn-has-text-true kt-btn-has-svg-false  wp-block-kadence-singlebtn\" href=\"https:\/\/www.sacomss.org\/wp\/fr\/1-1-support-appointment-requests\/\" target=\"_blank\" rel=\"noreferrer noopener\"><span class=\"kt-btn-inner-text\"><strong>demande de rendez-vous<\/strong><\/span><\/a><\/div>\n<\/div><\/div>\n\n<\/div><\/div>\n\n\n<p><\/p>","protected":false},"excerpt":{"rendered":"<p>Support Services Support Services (Not running until early January due to the SSMU building closure over the winter break) Our one-on-one support service provides a space to vent, reflect, and&hellip;&nbsp;<a href=\"https:\/\/www.sacomss.org\/wp\/fr\/support-services\/\" class=\"\" rel=\"bookmark\">Lire la suite &raquo;<span class=\"screen-reader-text\">Services de soutien<\/span><\/a><\/p>","protected":false},"author":1,"featured_media":0,"parent":0,"menu_order":0,"comment_status":"closed","ping_status":"closed","template":"","meta":{"neve_meta_sidebar":"","neve_meta_container":"","neve_meta_enable_content_width":"","neve_meta_content_width":0,"neve_meta_title_alignment":"","neve_meta_author_avatar":"","neve_post_elements_order":"","neve_meta_disable_header":"","neve_meta_disable_footer":"","neve_meta_disable_title":"","_themeisle_gutenberg_block_has_review":false,"footnotes":""},"class_list":["post-3194","page","type-page","status-publish","hentry"],"_links":{"self":[{"href":"https:\/\/www.sacomss.org\/wp\/fr\/wp-json\/wp\/v2\/pages\/3194","targetHints":{"allow":["GET"]}}],"collection":[{"href":"https:\/\/www.sacomss.org\/wp\/fr\/wp-json\/wp\/v2\/pages"}],"about":[{"href":"https:\/\/www.sacomss.org\/wp\/fr\/wp-json\/wp\/v2\/types\/page"}],"author":[{"embeddable":true,"href":"https:\/\/www.sacomss.org\/wp\/fr\/wp-json\/wp\/v2\/users\/1"}],"replies":[{"embeddable":true,"href":"https:\/\/www.sacomss.org\/wp\/fr\/wp-json\/wp\/v2\/comments?post=3194"}],"version-history":[{"count":9,"href":"https:\/\/www.sacomss.org\/wp\/fr\/wp-json\/wp\/v2\/pages\/3194\/revisions"}],"predecessor-version":[{"id":3322,"href":"https:\/\/www.sacomss.org\/wp\/fr\/wp-json\/wp\/v2\/pages\/3194\/revisions\/3322"}],"wp:attachment":[{"href":"https:\/\/www.sacomss.org\/wp\/fr\/wp-json\/wp\/v2\/media?parent=3194"}],"curies":[{"name":"wp","href":"https:\/\/api.w.org\/{rel}","templated":true}]}}